{"id":388,"date":"2020-06-15T09:49:02","date_gmt":"2020-06-15T07:49:02","guid":{"rendered":"https:\/\/dev.ottovonmitzlaff.de\/?page_id=388"},"modified":"2020-06-16T14:16:16","modified_gmt":"2020-06-16T12:16:16","slug":"publications","status":"publish","type":"page","link":"https:\/\/ottovonmitzlaff.de\/en\/publications\/","title":{"rendered":"Publications"},"content":{"rendered":"<div id='banner'  class='avia-section main_color avia-section-no-padding avia-no-border-styling  avia-bg-style-scroll  avia-builder-el-0  el_before_av_section  avia-builder-el-first   av-minimum-height av-minimum-height-100  container_wrap fullsize' style=' '   data-av_minimum_height_pc='100'><div class='av-section-color-overlay-wrap'><a href='#next-section' title='' class='scroll-down-link '  aria-hidden='true' data-av_icon='\ue877' data-av_iconfont='entypo-fontello'><\/a><div class='container' ><main  role=\"main\" itemprop=\"mainContentOfPage\"  class='template-page content  av-content-full alpha units'><div class='post-entry post-entry-type-page post-entry-388'><div class='entry-content-wrapper clearfix'>\n<section class=\"av_textblock_section \"  itemscope=\"itemscope\" itemtype=\"https:\/\/schema.org\/CreativeWork\" ><div class='avia_textblock  '   itemprop=\"text\" ><h1>Publications<\/h1>\n<\/div><\/section>\n<\/div><\/div><\/main><!-- close content main element --><\/div><\/div><\/div><div id='av_section_2'  class='avia-section main_color avia-section-default avia-no-border-styling  avia-bg-style-scroll  avia-builder-el-2  el_after_av_section  avia-builder-el-last  floatbreak  container_wrap fullsize' style=' '  ><div class='container' ><div class='template-page content  av-content-full alpha units'><div class='post-entry post-entry-type-page post-entry-388'><div class='entry-content-wrapper clearfix'>\n<div class='flex_column_table av-equal-height-column-flextable -flextable' ><div class=\"flex_column av_three_fifth  flex_column_table_cell av-equal-height-column av-align-middle av-zero-column-padding first  avia-builder-el-3  el_before_av_two_fifth  avia-builder-el-first  \" style='border-radius:0px; '><p><div  class='avia-image-container  av-styling-no-styling   av-desktop-hide av-medium-hide  avia-builder-el-4  el_before_av_font_icon  avia-builder-el-first  avia-align-center '  itemprop=\"image\" itemscope=\"itemscope\" itemtype=\"https:\/\/schema.org\/ImageObject\"  ><div class='avia-image-container-inner'><div class='avia-image-overlay-wrap'><img class='avia_image' src='https:\/\/ottovonmitzlaff.de\/wp-content\/uploads\/katalog-diverse-otto-von-mitzlaff-kunsthandel-728x1030.jpg' alt='' title='' height=\"1030\" width=\"728\"  itemprop=\"thumbnailUrl\"  \/><\/div><\/div><\/div><br \/>\n<span  class=\"av_font_icon avia_animate_when_visible avia-icon-animate  av-desktop-hide av-medium-hide av-icon-style-  av-no-color avia-icon-pos-left \" style=\"\"><span class='av-icon-char' style='font-size:40px;line-height:40px;' aria-hidden='true' data-av_icon='\ue882' data-av_iconfont='entypo-fontello' ><\/span><\/span><br \/>\n<section class=\"av_textblock_section \"  itemscope=\"itemscope\" itemtype=\"https:\/\/schema.org\/CreativeWork\" ><div class='avia_textblock  '   itemprop=\"text\" ><h2>Katalog \u201eDiverse 3\u201c<\/h2>\n<p>M\u00f6bel, Gem\u00e4lde, Objekte<br \/>\n(Geweih-Thronsessel aus Schlo\u00df Ohrada)<\/p>\n<\/div><\/section><\/p><\/div><div class='av-flex-placeholder'><\/div><div class=\"flex_column av_two_fifth  flex_column_table_cell av-equal-height-column av-align-middle av-zero-column-padding   avia-builder-el-7  el_after_av_three_fifth  el_before_av_hr  \" style='border-radius:0px; '><div  class='avia-image-container  av-styling-no-styling   av-small-hide av-mini-hide  avia-builder-el-8  avia-builder-el-no-sibling  avia-align-center '  itemprop=\"image\" itemscope=\"itemscope\" itemtype=\"https:\/\/schema.org\/ImageObject\"  ><div class='avia-image-container-inner'><div class='avia-image-overlay-wrap'><img class='avia_image' src='https:\/\/ottovonmitzlaff.de\/wp-content\/uploads\/katalog-diverse-otto-von-mitzlaff-kunsthandel-728x1030.jpg' alt='' title='' height=\"1030\" width=\"728\"  itemprop=\"thumbnailUrl\"  \/><\/div><\/div><\/div><\/div><\/div><!--close column table wrapper. Autoclose: 1 --><div   class='hr hr-default   avia-builder-el-9  el_after_av_two_fifth  el_before_av_two_fifth '><span class='hr-inner ' ><span class='hr-inner-style'><\/span><\/span><\/div>\n<div class='flex_column_table av-equal-height-column-flextable -flextable' ><div class=\"flex_column av_two_fifth  flex_column_table_cell av-equal-height-column av-align-middle av-zero-column-padding first  avia-builder-el-10  el_after_av_hr  el_before_av_three_fifth  \" style='border-radius:0px; '><div  class='avia-image-container  av-styling-no-styling    avia-builder-el-11  avia-builder-el-no-sibling  avia-align-center '  itemprop=\"image\" itemscope=\"itemscope\" itemtype=\"https:\/\/schema.org\/ImageObject\"  ><div class='avia-image-container-inner'><div class='avia-image-overlay-wrap'><img class='avia_image' src='https:\/\/ottovonmitzlaff.de\/wp-content\/uploads\/katalog-ysenburg-salon-abraham-roentgen-otto-von-mitzlaff-kunsthandel-727x1030.jpg' alt='' title='' height=\"1030\" width=\"727\"  itemprop=\"thumbnailUrl\"  \/><\/div><\/div><\/div><\/div><div class='av-flex-placeholder'><\/div><div class=\"flex_column av_three_fifth  flex_column_table_cell av-equal-height-column av-align-middle av-zero-column-padding   avia-builder-el-12  el_after_av_two_fifth  el_before_av_hr  \" style='border-radius:0px; '><p><span  class=\"av_font_icon avia_animate_when_visible avia-icon-animate  av-desktop-hide av-medium-hide av-icon-style-  av-no-color avia-icon-pos-left \" style=\"\"><span class='av-icon-char' style='font-size:40px;line-height:40px;' aria-hidden='true' data-av_icon='\ue882' data-av_iconfont='entypo-fontello' ><\/span><\/span><br \/>\n<section class=\"av_textblock_section \"  itemscope=\"itemscope\" itemtype=\"https:\/\/schema.org\/CreativeWork\" ><div class='avia_textblock  '   itemprop=\"text\" ><h2>Katalog \u201eysenburg-salon\u201c<\/h2>\n<p>Fr\u00fche Roentgenm\u00f6bel<br \/>\nWerkstatt Abraham Roentgen in Herrnhag f\u00fcr Schlo\u00df B\u00fcdingen 1745\/50<\/p>\n<\/div><\/section><\/p><\/div><\/div><!--close column table wrapper. Autoclose: 1 --><div   class='hr hr-default   avia-builder-el-15  el_after_av_three_fifth  el_before_av_three_fifth '><span class='hr-inner ' ><span class='hr-inner-style'><\/span><\/span><\/div>\n<div class='flex_column_table av-equal-height-column-flextable -flextable' ><div class=\"flex_column av_three_fifth  flex_column_table_cell av-equal-height-column av-align-middle av-zero-column-padding first  avia-builder-el-16  el_after_av_hr  el_before_av_two_fifth  \" style='border-radius:0px; '><p><div  class='avia-image-container  av-styling-no-styling   av-desktop-hide av-medium-hide  avia-builder-el-17  el_before_av_font_icon  avia-builder-el-first  avia-align-center '  itemprop=\"image\" itemscope=\"itemscope\" itemtype=\"https:\/\/schema.org\/ImageObject\"  ><div class='avia-image-container-inner'><div class='avia-image-overlay-wrap'><img class='avia_image' src='https:\/\/ottovonmitzlaff.de\/wp-content\/uploads\/katalog-rennaissance-pokal-gillis-von-sibricht-otto-von-mitzlaff-kunsthandel-728x1030.jpg' alt='' title='' height=\"1030\" width=\"728\"  itemprop=\"thumbnailUrl\"  \/><\/div><\/div><\/div><br \/>\n<span  class=\"av_font_icon avia_animate_when_visible avia-icon-animate  av-desktop-hide av-medium-hide av-icon-style-  av-no-color avia-icon-pos-left \" style=\"\"><span class='av-icon-char' style='font-size:40px;line-height:40px;' aria-hidden='true' data-av_icon='\ue882' data-av_iconfont='entypo-fontello' ><\/span><\/span><br \/>\n<section class=\"av_textblock_section \"  itemscope=\"itemscope\" itemtype=\"https:\/\/schema.org\/CreativeWork\" ><div class='avia_textblock  '   itemprop=\"text\" ><h2>Folder Rennaissance Pokal<\/h2>\n<p>Gillis von Sibricht, K\u00f6ln 1570\/80<br \/>\nSilber vergoldet<\/p>\n<p>Mit Inschrift, da\u00df Zar Peter der Gro\u00dfe von Russland diesen Pokal an einen englischen H\u00e4ndler geschenkt hat, der ihm gro\u00dfe Mengen von Potasche abgekauft hat.<\/p>\n<\/div><\/section><\/p><\/div><div class='av-flex-placeholder'><\/div><div class=\"flex_column av_two_fifth  flex_column_table_cell av-equal-height-column av-align-middle av-zero-column-padding   avia-builder-el-20  el_after_av_three_fifth  el_before_av_hr  \" style='border-radius:0px; '><div  class='avia-image-container  av-styling-no-styling   av-small-hide av-mini-hide  avia-builder-el-21  avia-builder-el-no-sibling  avia-align-center '  itemprop=\"image\" itemscope=\"itemscope\" itemtype=\"https:\/\/schema.org\/ImageObject\"  ><div class='avia-image-container-inner'><div class='avia-image-overlay-wrap'><img class='avia_image' src='https:\/\/ottovonmitzlaff.de\/wp-content\/uploads\/katalog-rennaissance-pokal-gillis-von-sibricht-otto-von-mitzlaff-kunsthandel-728x1030.jpg' alt='' title='' height=\"1030\" width=\"728\"  itemprop=\"thumbnailUrl\"  \/><\/div><\/div><\/div><\/div><\/div><!--close column table wrapper. Autoclose: 1 --><div   class='hr hr-default   avia-builder-el-22  el_after_av_two_fifth  el_before_av_two_fifth '><span class='hr-inner ' ><span class='hr-inner-style'><\/span><\/span><\/div>\n<div class='flex_column_table av-equal-height-column-flextable -flextable' ><div class=\"flex_column av_two_fifth  flex_column_table_cell av-equal-height-column av-align-middle av-zero-column-padding first  avia-builder-el-23  el_after_av_hr  el_before_av_three_fifth  \" style='border-radius:0px; '><div  class='avia-image-container  av-styling-no-styling    avia-builder-el-24  avia-builder-el-no-sibling  avia-align-center '  itemprop=\"image\" itemscope=\"itemscope\" itemtype=\"https:\/\/schema.org\/ImageObject\"  ><div class='avia-image-container-inner'><div class='avia-image-overlay-wrap'><img class='avia_image' src='https:\/\/ottovonmitzlaff.de\/wp-content\/uploads\/katalog-franzoesische-und-deutsche-moebel-otto-von-mitzlaff-kunsthandel-750x1030.jpg' alt='' title='' height=\"1030\" width=\"750\"  itemprop=\"thumbnailUrl\"  \/><\/div><\/div><\/div><\/div><div class='av-flex-placeholder'><\/div><div class=\"flex_column av_three_fifth  flex_column_table_cell av-equal-height-column av-align-middle av-zero-column-padding   avia-builder-el-25  el_after_av_two_fifth  el_before_av_hr  \" style='border-radius:0px; '><p><span  class=\"av_font_icon avia_animate_when_visible avia-icon-animate  av-desktop-hide av-medium-hide av-icon-style-  av-no-color avia-icon-pos-left \" style=\"\"><span class='av-icon-char' style='font-size:40px;line-height:40px;' aria-hidden='true' data-av_icon='\ue882' data-av_iconfont='entypo-fontello' ><\/span><\/span><br \/>\n<section class=\"av_textblock_section \"  itemscope=\"itemscope\" itemtype=\"https:\/\/schema.org\/CreativeWork\" ><div class='avia_textblock  '   itemprop=\"text\" ><h2>Katalog<\/h2>\n<p>Franz\u00f6sische und deutsche M\u00f6bel\/Objekte des Klassizismus.<\/p>\n<p>(Louis XVI-Konsoltisch im t\u00fcrkischen \u2028Geschmack, Paris 1780\/85)<\/p>\n<\/div><\/section><\/p><\/div><\/div><!--close column table wrapper. Autoclose: 1 --><div   class='hr hr-default   avia-builder-el-28  el_after_av_three_fifth  el_before_av_three_fifth '><span class='hr-inner ' ><span class='hr-inner-style'><\/span><\/span><\/div>\n<div class='flex_column_table av-equal-height-column-flextable -flextable' ><div class=\"flex_column av_three_fifth  flex_column_table_cell av-equal-height-column av-align-middle av-zero-column-padding first  avia-builder-el-29  el_after_av_hr  el_before_av_two_fifth  \" style='border-radius:0px; '><p><div  class='avia-image-container  av-styling-no-styling   av-desktop-hide av-medium-hide  avia-builder-el-30  el_before_av_font_icon  avia-builder-el-first  avia-align-center '  itemprop=\"image\" itemscope=\"itemscope\" itemtype=\"https:\/\/schema.org\/ImageObject\"  ><div class='avia-image-container-inner'><div class='avia-image-overlay-wrap'><img class='avia_image' src='https:\/\/ottovonmitzlaff.de\/wp-content\/uploads\/katalog-prunktisch-jennens-and-bettridge-otto-von-mitzlaff-kunsthandel-769x1030.jpg' alt='' title='' height=\"1030\" width=\"769\"  itemprop=\"thumbnailUrl\"  \/><\/div><\/div><\/div><br \/>\n<span  class=\"av_font_icon avia_animate_when_visible avia-icon-animate  av-desktop-hide av-medium-hide av-icon-style-  av-no-color avia-icon-pos-left \" style=\"\"><span class='av-icon-char' style='font-size:40px;line-height:40px;' aria-hidden='true' data-av_icon='\ue882' data-av_iconfont='entypo-fontello' ><\/span><\/span><br \/>\n<section class=\"av_textblock_section \"  itemscope=\"itemscope\" itemtype=\"https:\/\/schema.org\/CreativeWork\" ><div class='avia_textblock  '   itemprop=\"text\" ><h2>Folder\/Katalog<\/h2>\n<p>M\u00f6bel und Objekte<\/p>\n<p>(Prunktisch von \u201eJennens and Bettridge\u201c Birmingham ca. 1830. Vergoldete Bronze und Papiermache\u00e9 mit Lackmalerei)<\/p>\n<\/div><\/section><\/p><\/div><div class='av-flex-placeholder'><\/div><div class=\"flex_column av_two_fifth  flex_column_table_cell av-equal-height-column av-align-middle av-zero-column-padding   avia-builder-el-33  el_after_av_three_fifth  el_before_av_hr  \" style='border-radius:0px; '><div  class='avia-image-container  av-styling-no-styling   av-small-hide av-mini-hide  avia-builder-el-34  avia-builder-el-no-sibling  avia-align-center '  itemprop=\"image\" itemscope=\"itemscope\" itemtype=\"https:\/\/schema.org\/ImageObject\"  ><div class='avia-image-container-inner'><div class='avia-image-overlay-wrap'><img class='avia_image' src='https:\/\/ottovonmitzlaff.de\/wp-content\/uploads\/katalog-prunktisch-jennens-and-bettridge-otto-von-mitzlaff-kunsthandel-769x1030.jpg' alt='' title='' height=\"1030\" width=\"769\"  itemprop=\"thumbnailUrl\"  \/><\/div><\/div><\/div><\/div><\/div><!--close column table wrapper. Autoclose: 1 --><div   class='hr hr-default   avia-builder-el-35  el_after_av_two_fifth  el_before_av_two_fifth '><span class='hr-inner ' ><span class='hr-inner-style'><\/span><\/span><\/div>\n<div class='flex_column_table av-equal-height-column-flextable -flextable' ><div class=\"flex_column av_two_fifth  flex_column_table_cell av-equal-height-column av-align-middle av-zero-column-padding first  avia-builder-el-36  el_after_av_hr  el_before_av_three_fifth  \" style='border-radius:0px; '><div  class='avia-image-container  av-styling-no-styling    avia-builder-el-37  avia-builder-el-no-sibling  avia-align-center '  itemprop=\"image\" itemscope=\"itemscope\" itemtype=\"https:\/\/schema.org\/ImageObject\"  ><div class='avia-image-container-inner'><div class='avia-image-overlay-wrap'><img class='avia_image' src='https:\/\/ottovonmitzlaff.de\/wp-content\/uploads\/kamingarnitur-otto-von-mitzlaff-kunsthandel-728x1030.jpg' alt='' title='' height=\"1030\" width=\"728\"  itemprop=\"thumbnailUrl\"  \/><\/div><\/div><\/div><\/div><div class='av-flex-placeholder'><\/div><div class=\"flex_column av_three_fifth  flex_column_table_cell av-equal-height-column av-align-middle av-zero-column-padding   avia-builder-el-38  el_after_av_two_fifth  el_before_av_hr  \" style='border-radius:0px; '><p><span  class=\"av_font_icon avia_animate_when_visible avia-icon-animate  av-desktop-hide av-medium-hide av-icon-style-  av-no-color avia-icon-pos-left \" style=\"\"><span class='av-icon-char' style='font-size:40px;line-height:40px;' aria-hidden='true' data-av_icon='\ue882' data-av_iconfont='entypo-fontello' ><\/span><\/span><br \/>\n<section class=\"av_textblock_section \"  itemscope=\"itemscope\" itemtype=\"https:\/\/schema.org\/CreativeWork\" ><div class='avia_textblock  '   itemprop=\"text\" ><h2>Folder<\/h2>\n<p>M\u00f6bel, Objekte<\/p>\n<p>(Kamingarnitur, Paris\/Braunschweig, Claude Galle, A. N. Delolme, um 1800.)<\/p>\n<\/div><\/section><\/p><\/div><\/div><!--close column table wrapper. Autoclose: 1 --><div   class='hr hr-default   avia-builder-el-41  el_after_av_three_fifth  el_before_av_three_fifth '><span class='hr-inner ' ><span class='hr-inner-style'><\/span><\/span><\/div>\n<div class='flex_column_table av-equal-height-column-flextable -flextable' ><div class=\"flex_column av_three_fifth  flex_column_table_cell av-equal-height-column av-align-middle av-zero-column-padding first  avia-builder-el-42  el_after_av_hr  el_before_av_two_fifth  \" style='border-radius:0px; '><p><div  class='avia-image-container  av-styling-no-styling   av-desktop-hide av-medium-hide  avia-builder-el-43  el_before_av_font_icon  avia-builder-el-first  avia-align-center '  itemprop=\"image\" itemscope=\"itemscope\" itemtype=\"https:\/\/schema.org\/ImageObject\"  ><div class='avia-image-container-inner'><div class='avia-image-overlay-wrap'><img class='avia_image' src='https:\/\/ottovonmitzlaff.de\/wp-content\/uploads\/folder-k-f-schinkel-porzellantisch-otto-von-mitzlaff-kunsthandel.jpg' alt='' title='' height=\"1347\" width=\"952\"  itemprop=\"thumbnailUrl\"  \/><\/div><\/div><\/div><br \/>\n<span  class=\"av_font_icon avia_animate_when_visible avia-icon-animate  av-desktop-hide av-medium-hide av-icon-style-  av-no-color avia-icon-pos-left \" style=\"\"><span class='av-icon-char' style='font-size:40px;line-height:40px;' aria-hidden='true' data-av_icon='\ue882' data-av_iconfont='entypo-fontello' ><\/span><\/span><br \/>\n<section class=\"av_textblock_section \"  itemscope=\"itemscope\" itemtype=\"https:\/\/schema.org\/CreativeWork\" ><div class='avia_textblock  '   itemprop=\"text\" ><h2>Folder<\/h2>\n<p>Gro\u00dfer Porzellantisch<\/p>\n<p>KPM 1833\/38<br \/>\nEntwurf von K. F. Schinkel, Malerei von H. Looschen, Bronzen von Werner und Neffen.<br \/>\nWohl ein kgl. Preu\u00dfisches Geschenk an die russische Kaiserin Alexandra Feodorowna.<\/p>\n<\/div><\/section><\/p><\/div><div class='av-flex-placeholder'><\/div><div class=\"flex_column av_two_fifth  flex_column_table_cell av-equal-height-column av-align-middle av-zero-column-padding   avia-builder-el-46  el_after_av_three_fifth  avia-builder-el-last  \" style='border-radius:0px; '><div  class='avia-image-container  av-styling-no-styling   av-small-hide av-mini-hide  avia-builder-el-47  avia-builder-el-no-sibling  avia-align-center '  itemprop=\"image\" itemscope=\"itemscope\" itemtype=\"https:\/\/schema.org\/ImageObject\"  ><div class='avia-image-container-inner'><div class='avia-image-overlay-wrap'><img class='avia_image' src='https:\/\/ottovonmitzlaff.de\/wp-content\/uploads\/folder-k-f-schinkel-porzellantisch-otto-von-mitzlaff-kunsthandel.jpg' alt='' title='' height=\"1347\" width=\"952\"  itemprop=\"thumbnailUrl\"  \/><\/div><\/div><\/div><\/div><\/div><!--close column table wrapper. Autoclose: 1 -->\n<\/p>\n","protected":false},"excerpt":{"rendered":"","protected":false},"author":1,"featured_media":0,"parent":0,"menu_order":5,"comment_status":"closed","ping_status":"closed","template":"","meta":[],"yoast_head":"<!-- This site is optimized with the Yoast SEO plugin v19.8 - https:\/\/yoast.com\/wordpress\/plugins\/seo\/ -->\n<title>Publications | Otto von Mitzlaff Furniture<\/title>\n<meta name=\"robots\" content=\"index, follow, max-snippet:-1, max-image-preview:large, max-video-preview:-1\" \/>\n<link rel=\"canonical\" href=\"https:\/\/ottovonmitzlaff.de\/en\/publications\/\" \/>\n<meta property=\"og:locale\" content=\"en_US\" \/>\n<meta property=\"og:type\" content=\"article\" \/>\n<meta property=\"og:title\" content=\"Publications | Otto von Mitzlaff Furniture\" \/>\n<meta property=\"og:url\" content=\"https:\/\/ottovonmitzlaff.de\/en\/publications\/\" \/>\n<meta property=\"og:site_name\" content=\"Otto von Mitzlaff Furniture\" \/>\n<meta property=\"article:modified_time\" content=\"2020-06-16T12:16:16+00:00\" \/>\n<meta name=\"twitter:card\" content=\"summary_large_image\" \/>\n<meta name=\"twitter:label1\" content=\"Est. reading time\" \/>\n\t<meta name=\"twitter:data1\" content=\"20 minutes\" \/>\n<script type=\"application\/ld+json\" class=\"yoast-schema-graph\">{\"@context\":\"https:\/\/schema.org\",\"@graph\":[{\"@type\":\"WebPage\",\"@id\":\"https:\/\/ottovonmitzlaff.de\/en\/publications\/\",\"url\":\"https:\/\/ottovonmitzlaff.de\/en\/publications\/\",\"name\":\"Publications | Otto von Mitzlaff Furniture\",\"isPartOf\":{\"@id\":\"https:\/\/ottovonmitzlaff.de\/en\/#website\"},\"datePublished\":\"2020-06-15T07:49:02+00:00\",\"dateModified\":\"2020-06-16T12:16:16+00:00\",\"breadcrumb\":{\"@id\":\"https:\/\/ottovonmitzlaff.de\/en\/publications\/#breadcrumb\"},\"inLanguage\":\"en-US\",\"potentialAction\":[{\"@type\":\"ReadAction\",\"target\":[\"https:\/\/ottovonmitzlaff.de\/en\/publications\/\"]}]},{\"@type\":\"BreadcrumbList\",\"@id\":\"https:\/\/ottovonmitzlaff.de\/en\/publications\/#breadcrumb\",\"itemListElement\":[{\"@type\":\"ListItem\",\"position\":1,\"name\":\"Startseite\",\"item\":\"https:\/\/ottovonmitzlaff.de\/en\/\"},{\"@type\":\"ListItem\",\"position\":2,\"name\":\"Publications\"}]},{\"@type\":\"WebSite\",\"@id\":\"https:\/\/ottovonmitzlaff.de\/en\/#website\",\"url\":\"https:\/\/ottovonmitzlaff.de\/en\/\",\"name\":\"Otto von Mitzlaff Furniture\",\"description\":\"\",\"potentialAction\":[{\"@type\":\"SearchAction\",\"target\":{\"@type\":\"EntryPoint\",\"urlTemplate\":\"https:\/\/ottovonmitzlaff.de\/en\/?s={search_term_string}\"},\"query-input\":\"required name=search_term_string\"}],\"inLanguage\":\"en-US\"}]}<\/script>\n<!-- \/ Yoast SEO plugin. -->","yoast_head_json":{"title":"Publications | Otto von Mitzlaff Furniture","robots":{"index":"index","follow":"follow","max-snippet":"max-snippet:-1","max-image-preview":"max-image-preview:large","max-video-preview":"max-video-preview:-1"},"canonical":"https:\/\/ottovonmitzlaff.de\/en\/publications\/","og_locale":"en_US","og_type":"article","og_title":"Publications | Otto von Mitzlaff Furniture","og_url":"https:\/\/ottovonmitzlaff.de\/en\/publications\/","og_site_name":"Otto von Mitzlaff Furniture","article_modified_time":"2020-06-16T12:16:16+00:00","twitter_card":"summary_large_image","twitter_misc":{"Est. reading time":"20 minutes"},"schema":{"@context":"https:\/\/schema.org","@graph":[{"@type":"WebPage","@id":"https:\/\/ottovonmitzlaff.de\/en\/publications\/","url":"https:\/\/ottovonmitzlaff.de\/en\/publications\/","name":"Publications | Otto von Mitzlaff Furniture","isPartOf":{"@id":"https:\/\/ottovonmitzlaff.de\/en\/#website"},"datePublished":"2020-06-15T07:49:02+00:00","dateModified":"2020-06-16T12:16:16+00:00","breadcrumb":{"@id":"https:\/\/ottovonmitzlaff.de\/en\/publications\/#breadcrumb"},"inLanguage":"en-US","potentialAction":[{"@type":"ReadAction","target":["https:\/\/ottovonmitzlaff.de\/en\/publications\/"]}]},{"@type":"BreadcrumbList","@id":"https:\/\/ottovonmitzlaff.de\/en\/publications\/#breadcrumb","itemListElement":[{"@type":"ListItem","position":1,"name":"Startseite","item":"https:\/\/ottovonmitzlaff.de\/en\/"},{"@type":"ListItem","position":2,"name":"Publications"}]},{"@type":"WebSite","@id":"https:\/\/ottovonmitzlaff.de\/en\/#website","url":"https:\/\/ottovonmitzlaff.de\/en\/","name":"Otto von Mitzlaff Furniture","description":"","potentialAction":[{"@type":"SearchAction","target":{"@type":"EntryPoint","urlTemplate":"https:\/\/ottovonmitzlaff.de\/en\/?s={search_term_string}"},"query-input":"required name=search_term_string"}],"inLanguage":"en-US"}]}},"_links":{"self":[{"href":"https:\/\/ottovonmitzlaff.de\/en\/wp-json\/wp\/v2\/pages\/388"}],"collection":[{"href":"https:\/\/ottovonmitzlaff.de\/en\/wp-json\/wp\/v2\/pages"}],"about":[{"href":"https:\/\/ottovonmitzlaff.de\/en\/wp-json\/wp\/v2\/types\/page"}],"author":[{"embeddable":true,"href":"https:\/\/ottovonmitzlaff.de\/en\/wp-json\/wp\/v2\/users\/1"}],"replies":[{"embeddable":true,"href":"https:\/\/ottovonmitzlaff.de\/en\/wp-json\/wp\/v2\/comments?post=388"}],"version-history":[{"count":7,"href":"https:\/\/ottovonmitzlaff.de\/en\/wp-json\/wp\/v2\/pages\/388\/revisions"}],"predecessor-version":[{"id":432,"href":"https:\/\/ottovonmitzlaff.de\/en\/wp-json\/wp\/v2\/pages\/388\/revisions\/432"}],"wp:attachment":[{"href":"https:\/\/ottovonmitzlaff.de\/en\/wp-json\/wp\/v2\/media?parent=388"}],"curies":[{"name":"wp","href":"https:\/\/api.w.org\/{rel}","templated":true}]}}