{"id":377,"date":"2020-06-15T09:46:52","date_gmt":"2020-06-15T07:46:52","guid":{"rendered":"https:\/\/dev.ottovonmitzlaff.de\/?page_id=377"},"modified":"2020-06-15T12:03:59","modified_gmt":"2020-06-15T10:03:59","slug":"notable-sales","status":"publish","type":"page","link":"https:\/\/ottovonmitzlaff.de\/en\/notable-sales\/","title":{"rendered":"Notable Sales"},"content":{"rendered":"<div id='banner'  class='avia-section main_color avia-section-no-padding avia-no-border-styling  avia-bg-style-scroll  avia-builder-el-0  el_before_av_section  avia-builder-el-first   av-minimum-height av-minimum-height-100  container_wrap fullsize' style=' '   data-av_minimum_height_pc='100'><div class='av-section-color-overlay-wrap'><a href='#next-section' title='' class='scroll-down-link '  aria-hidden='true' data-av_icon='\ue877' data-av_iconfont='entypo-fontello'><\/a><div class='container' ><main  role=\"main\" itemprop=\"mainContentOfPage\"  class='template-page content  av-content-full alpha units'><div class='post-entry post-entry-type-page post-entry-377'><div class='entry-content-wrapper clearfix'>\n<section class=\"av_textblock_section \"  itemscope=\"itemscope\" itemtype=\"https:\/\/schema.org\/CreativeWork\" ><div class='avia_textblock  '   itemprop=\"text\" ><h1>Notable Sales<\/h1>\n<\/div><\/section>\n<\/div><\/div><\/main><!-- close content main element --><\/div><\/div><\/div><div id='av_section_2'  class='avia-section main_color avia-section-default avia-no-border-styling  avia-bg-style-scroll  avia-builder-el-2  el_after_av_section  avia-builder-el-last   container_wrap fullsize' style=' '  ><div class='container' ><div class='template-page content  av-content-full alpha units'><div class='post-entry post-entry-type-page post-entry-377'><div class='entry-content-wrapper clearfix'>\n<div class=\"flex_column av_one_full  flex_column_div av-zero-column-padding first  avia-builder-el-3  avia-builder-el-no-sibling  \" style='border-radius:0px; '><p><div id='av-masonry-1' class='av-masonry  noHover av-flex-size av-no-gap av-hover-overlay- av-masonry-animation-active av-masonry-col-4 av-caption-always av-caption-style- av-masonry-gallery      av-medium-columns-overwrite av-medium-columns-3 av-small-columns-overwrite av-small-columns-2 av-mini-columns-overwrite av-mini-columns-2'  ><div class='av-masonry-container isotope av-js-disabled ' ><div class='av-masonry-entry isotope-item av-masonry-item-no-image '><\/div><a href=\"https:\/\/ottovonmitzlaff.de\/wp-content\/uploads\/otto-von-mitzlaff-erwaehnenswerte-verkaeufe-01-889x1030.jpg\" id='av-masonry-1-item-332' data-av-masonry-item='332' class='av-masonry-entry isotope-item post-332 attachment type-attachment status-inherit hentry  av-masonry-item-with-image' title=\"\"  itemprop=\"thumbnailUrl\" ><div class='av-inner-masonry-sizer'><\/div><figure class='av-inner-masonry main_color'><div class=\"av-masonry-outerimage-container\"><div class=\"av-masonry-image-container\" ><img src=\"https:\/\/ottovonmitzlaff.de\/wp-content\/uploads\/otto-von-mitzlaff-erwaehnenswerte-verkaeufe-01-609x705.jpg\" title=\"\" alt=\"\" \/><\/div><\/div><\/figure><\/a><!--end av-masonry entry--><a href=\"https:\/\/ottovonmitzlaff.de\/wp-content\/uploads\/otto-von-mitzlaff-erwaehnenswerte-verkaeufe-02-459x1030.jpg\" id='av-masonry-1-item-330' data-av-masonry-item='330' class='av-masonry-entry isotope-item post-330 attachment type-attachment status-inherit hentry  av-masonry-item-with-image' title=\"\"  itemprop=\"thumbnailUrl\" ><div class='av-inner-masonry-sizer'><\/div><figure class='av-inner-masonry main_color'><div class=\"av-masonry-outerimage-container\"><div class=\"av-masonry-image-container\" ><img src=\"https:\/\/ottovonmitzlaff.de\/wp-content\/uploads\/otto-von-mitzlaff-erwaehnenswerte-verkaeufe-02-314x705.jpg\" title=\"\" alt=\"\" \/><\/div><\/div><\/figure><\/a><!--end av-masonry entry--><a href=\"https:\/\/ottovonmitzlaff.de\/wp-content\/uploads\/otto-von-mitzlaff-erwaehnenswerte-verkaeufe-03-968x1030.jpg\" id='av-masonry-1-item-329' data-av-masonry-item='329' class='av-masonry-entry isotope-item post-329 attachment type-attachment status-inherit hentry  av-masonry-item-with-image' title=\"\"  itemprop=\"thumbnailUrl\" ><div class='av-inner-masonry-sizer'><\/div><figure class='av-inner-masonry main_color'><div class=\"av-masonry-outerimage-container\"><div class=\"av-masonry-image-container\" ><img src=\"https:\/\/ottovonmitzlaff.de\/wp-content\/uploads\/otto-von-mitzlaff-erwaehnenswerte-verkaeufe-03-663x705.jpg\" title=\"\" alt=\"\" \/><\/div><\/div><\/figure><\/a><!--end av-masonry entry--><a href=\"https:\/\/ottovonmitzlaff.de\/wp-content\/uploads\/otto-von-mitzlaff-erwaehnenswerte-verkaeufe-04-974x1030.jpg\" id='av-masonry-1-item-333' data-av-masonry-item='333' class='av-masonry-entry isotope-item post-333 attachment type-attachment status-inherit hentry  av-masonry-item-with-image' title=\"\"  itemprop=\"thumbnailUrl\" ><div class='av-inner-masonry-sizer'><\/div><figure class='av-inner-masonry main_color'><div class=\"av-masonry-outerimage-container\"><div class=\"av-masonry-image-container\" ><img src=\"https:\/\/ottovonmitzlaff.de\/wp-content\/uploads\/otto-von-mitzlaff-erwaehnenswerte-verkaeufe-04-667x705.jpg\" title=\"\" alt=\"\" \/><\/div><\/div><\/figure><\/a><!--end av-masonry entry--><a href=\"https:\/\/ottovonmitzlaff.de\/wp-content\/uploads\/otto-von-mitzlaff-erwaehnenswerte-verkaeufe-05-1030x1000.jpg\" id='av-masonry-1-item-331' data-av-masonry-item='331' class='av-masonry-entry isotope-item post-331 attachment type-attachment status-inherit hentry  av-masonry-item-with-image' title=\"\"  itemprop=\"thumbnailUrl\" ><div class='av-inner-masonry-sizer'><\/div><figure class='av-inner-masonry main_color'><div class=\"av-masonry-outerimage-container\"><div class=\"av-masonry-image-container\" ><img src=\"https:\/\/ottovonmitzlaff.de\/wp-content\/uploads\/otto-von-mitzlaff-erwaehnenswerte-verkaeufe-05-705x685.jpg\" title=\"\" alt=\"\" \/><\/div><\/div><\/figure><\/a><!--end av-masonry entry--><a href=\"https:\/\/ottovonmitzlaff.de\/wp-content\/uploads\/otto-von-mitzlaff-erwaehnenswerte-verkaeufe-06-756x1030.jpg\" id='av-masonry-1-item-324' data-av-masonry-item='324' class='av-masonry-entry isotope-item post-324 attachment type-attachment status-inherit hentry  av-masonry-item-with-image' title=\"\"  itemprop=\"thumbnailUrl\" ><div class='av-inner-masonry-sizer'><\/div><figure class='av-inner-masonry main_color'><div class=\"av-masonry-outerimage-container\"><div class=\"av-masonry-image-container\" ><img src=\"https:\/\/ottovonmitzlaff.de\/wp-content\/uploads\/otto-von-mitzlaff-erwaehnenswerte-verkaeufe-06-518x705.jpg\" title=\"\" alt=\"\" \/><\/div><\/div><\/figure><\/a><!--end av-masonry entry--><a href=\"https:\/\/ottovonmitzlaff.de\/wp-content\/uploads\/otto-von-mitzlaff-erwaehnenswerte-verkaeufe-07-1030x721.jpg\" id='av-masonry-1-item-328' data-av-masonry-item='328' class='av-masonry-entry isotope-item post-328 attachment type-attachment status-inherit hentry  av-masonry-item-with-image' title=\"\"  itemprop=\"thumbnailUrl\" ><div class='av-inner-masonry-sizer'><\/div><figure class='av-inner-masonry main_color'><div class=\"av-masonry-outerimage-container\"><div class=\"av-masonry-image-container\" ><img src=\"https:\/\/ottovonmitzlaff.de\/wp-content\/uploads\/otto-von-mitzlaff-erwaehnenswerte-verkaeufe-07-705x494.jpg\" title=\"\" alt=\"\" \/><\/div><\/div><\/figure><\/a><!--end av-masonry entry--><a href=\"https:\/\/ottovonmitzlaff.de\/wp-content\/uploads\/otto-von-mitzlaff-erwaehnenswerte-verkaeufe-08-753x1030.jpg\" id='av-masonry-1-item-322' data-av-masonry-item='322' class='av-masonry-entry isotope-item post-322 attachment type-attachment status-inherit hentry  av-masonry-item-with-image' title=\"\"  itemprop=\"thumbnailUrl\" ><div class='av-inner-masonry-sizer'><\/div><figure class='av-inner-masonry main_color'><div class=\"av-masonry-outerimage-container\"><div class=\"av-masonry-image-container\" ><img src=\"https:\/\/ottovonmitzlaff.de\/wp-content\/uploads\/otto-von-mitzlaff-erwaehnenswerte-verkaeufe-08-516x705.jpg\" title=\"\" alt=\"\" \/><\/div><\/div><\/figure><\/a><!--end av-masonry entry--><a href=\"https:\/\/ottovonmitzlaff.de\/wp-content\/uploads\/otto-von-mitzlaff-erwaehnenswerte-verkaeufe-09-783x1030.jpg\" id='av-masonry-1-item-325' data-av-masonry-item='325' class='av-masonry-entry isotope-item post-325 attachment type-attachment status-inherit hentry  av-masonry-item-with-image' title=\"\"  itemprop=\"thumbnailUrl\" ><div class='av-inner-masonry-sizer'><\/div><figure class='av-inner-masonry main_color'><div class=\"av-masonry-outerimage-container\"><div class=\"av-masonry-image-container\" ><img src=\"https:\/\/ottovonmitzlaff.de\/wp-content\/uploads\/otto-von-mitzlaff-erwaehnenswerte-verkaeufe-09-536x705.jpg\" title=\"\" alt=\"\" \/><\/div><\/div><\/figure><\/a><!--end av-masonry entry--><a href=\"https:\/\/ottovonmitzlaff.de\/wp-content\/uploads\/otto-von-mitzlaff-erwaehnenswerte-verkaeufe-10-734x1030.jpg\" id='av-masonry-1-item-323' data-av-masonry-item='323' class='av-masonry-entry isotope-item post-323 attachment type-attachment status-inherit hentry  av-masonry-item-with-image' title=\"\"  itemprop=\"thumbnailUrl\" ><div class='av-inner-masonry-sizer'><\/div><figure class='av-inner-masonry main_color'><div class=\"av-masonry-outerimage-container\"><div class=\"av-masonry-image-container\" ><img src=\"https:\/\/ottovonmitzlaff.de\/wp-content\/uploads\/otto-von-mitzlaff-erwaehnenswerte-verkaeufe-10-502x705.jpg\" title=\"\" alt=\"\" \/><\/div><\/div><\/figure><\/a><!--end av-masonry entry--><a href=\"https:\/\/ottovonmitzlaff.de\/wp-content\/uploads\/otto-von-mitzlaff-erwaehnenswerte-verkaeufe-11-728x1030.jpg\" id='av-masonry-1-item-341' data-av-masonry-item='341' class='av-masonry-entry isotope-item post-341 attachment type-attachment status-inherit hentry  av-masonry-item-with-image' title=\"\"  itemprop=\"thumbnailUrl\" ><div class='av-inner-masonry-sizer'><\/div><figure class='av-inner-masonry main_color'><div class=\"av-masonry-outerimage-container\"><div class=\"av-masonry-image-container\" ><img src=\"https:\/\/ottovonmitzlaff.de\/wp-content\/uploads\/otto-von-mitzlaff-erwaehnenswerte-verkaeufe-11-498x705.jpg\" title=\"\" alt=\"\" \/><\/div><\/div><\/figure><\/a><!--end av-masonry entry--><a href=\"https:\/\/ottovonmitzlaff.de\/wp-content\/uploads\/otto-von-mitzlaff-erwaehnenswerte-verkaeufe-12-687x1030.jpg\" id='av-masonry-1-item-339' data-av-masonry-item='339' class='av-masonry-entry isotope-item post-339 attachment type-attachment status-inherit hentry  av-masonry-item-with-image' title=\"\"  itemprop=\"thumbnailUrl\" ><div class='av-inner-masonry-sizer'><\/div><figure class='av-inner-masonry main_color'><div class=\"av-masonry-outerimage-container\"><div class=\"av-masonry-image-container\" ><img src=\"https:\/\/ottovonmitzlaff.de\/wp-content\/uploads\/otto-von-mitzlaff-erwaehnenswerte-verkaeufe-12-470x705.jpg\" title=\"\" alt=\"\" \/><\/div><\/div><\/figure><\/a><!--end av-masonry entry--><a href=\"https:\/\/ottovonmitzlaff.de\/wp-content\/uploads\/otto-von-mitzlaff-erwaehnenswerte-verkaeufe-13-775x1030.jpg\" id='av-masonry-1-item-335' data-av-masonry-item='335' class='av-masonry-entry isotope-item post-335 attachment type-attachment status-inherit hentry  av-masonry-item-with-image' title=\"\"  itemprop=\"thumbnailUrl\" ><div class='av-inner-masonry-sizer'><\/div><figure class='av-inner-masonry main_color'><div class=\"av-masonry-outerimage-container\"><div class=\"av-masonry-image-container\" ><img src=\"https:\/\/ottovonmitzlaff.de\/wp-content\/uploads\/otto-von-mitzlaff-erwaehnenswerte-verkaeufe-13-530x705.jpg\" title=\"\" alt=\"\" \/><\/div><\/div><\/figure><\/a><!--end av-masonry entry--><a href=\"https:\/\/ottovonmitzlaff.de\/wp-content\/uploads\/otto-von-mitzlaff-erwaehnenswerte-verkaeufe-14-686x1030.jpg\" id='av-masonry-1-item-340' data-av-masonry-item='340' class='av-masonry-entry isotope-item post-340 attachment type-attachment status-inherit hentry  av-masonry-item-with-image' title=\"\"  itemprop=\"thumbnailUrl\" ><div class='av-inner-masonry-sizer'><\/div><figure class='av-inner-masonry main_color'><div class=\"av-masonry-outerimage-container\"><div class=\"av-masonry-image-container\" ><img src=\"https:\/\/ottovonmitzlaff.de\/wp-content\/uploads\/otto-von-mitzlaff-erwaehnenswerte-verkaeufe-14-470x705.jpg\" title=\"\" alt=\"\" \/><\/div><\/div><\/figure><\/a><!--end av-masonry entry--><a href=\"https:\/\/ottovonmitzlaff.de\/wp-content\/uploads\/otto-von-mitzlaff-erwaehnenswerte-verkaeufe-15-748x1030.jpg\" id='av-masonry-1-item-327' data-av-masonry-item='327' class='av-masonry-entry isotope-item post-327 attachment type-attachment status-inherit hentry  av-masonry-item-with-image' title=\"\"  itemprop=\"thumbnailUrl\" ><div class='av-inner-masonry-sizer'><\/div><figure class='av-inner-masonry main_color'><div class=\"av-masonry-outerimage-container\"><div class=\"av-masonry-image-container\" ><img src=\"https:\/\/ottovonmitzlaff.de\/wp-content\/uploads\/otto-von-mitzlaff-erwaehnenswerte-verkaeufe-15-512x705.jpg\" title=\"\" alt=\"\" \/><\/div><\/div><\/figure><\/a><!--end av-masonry entry--><a href=\"https:\/\/ottovonmitzlaff.de\/wp-content\/uploads\/otto-von-mitzlaff-erwaehnenswerte-verkaeufe-16-806x1030.jpg\" id='av-masonry-1-item-326' data-av-masonry-item='326' class='av-masonry-entry isotope-item post-326 attachment type-attachment status-inherit hentry  av-masonry-item-with-image' title=\"\"  itemprop=\"thumbnailUrl\" ><div class='av-inner-masonry-sizer'><\/div><figure class='av-inner-masonry main_color'><div class=\"av-masonry-outerimage-container\"><div class=\"av-masonry-image-container\" ><img src=\"https:\/\/ottovonmitzlaff.de\/wp-content\/uploads\/otto-von-mitzlaff-erwaehnenswerte-verkaeufe-16-552x705.jpg\" title=\"\" alt=\"\" \/><\/div><\/div><\/figure><\/a><!--end av-masonry entry--><a href=\"https:\/\/ottovonmitzlaff.de\/wp-content\/uploads\/otto-von-mitzlaff-erwaehnenswerte-verkaeufe-17-748x1030.jpg\" id='av-masonry-1-item-334' data-av-masonry-item='334' class='av-masonry-entry isotope-item post-334 attachment type-attachment status-inherit hentry  av-masonry-item-with-image' title=\"\"  itemprop=\"thumbnailUrl\" ><div class='av-inner-masonry-sizer'><\/div><figure class='av-inner-masonry main_color'><div class=\"av-masonry-outerimage-container\"><div class=\"av-masonry-image-container\" ><img src=\"https:\/\/ottovonmitzlaff.de\/wp-content\/uploads\/otto-von-mitzlaff-erwaehnenswerte-verkaeufe-17-512x705.jpg\" title=\"\" alt=\"\" \/><\/div><\/div><\/figure><\/a><!--end av-masonry entry--><a href=\"https:\/\/ottovonmitzlaff.de\/wp-content\/uploads\/otto-von-mitzlaff-erwaehnenswerte-verkaeufe-18-777x1030.jpg\" id='av-masonry-1-item-321' data-av-masonry-item='321' class='av-masonry-entry isotope-item post-321 attachment type-attachment status-inherit hentry  av-masonry-item-with-image' title=\"\"  itemprop=\"thumbnailUrl\" ><div class='av-inner-masonry-sizer'><\/div><figure class='av-inner-masonry main_color'><div class=\"av-masonry-outerimage-container\"><div class=\"av-masonry-image-container\" ><img src=\"https:\/\/ottovonmitzlaff.de\/wp-content\/uploads\/otto-von-mitzlaff-erwaehnenswerte-verkaeufe-18-532x705.jpg\" title=\"\" alt=\"\" \/><\/div><\/div><\/figure><\/a><!--end av-masonry entry--><a href=\"https:\/\/ottovonmitzlaff.de\/wp-content\/uploads\/otto-von-mitzlaff-erwaehnenswerte-verkaeufe-19-734x1030.jpg\" id='av-masonry-1-item-319' data-av-masonry-item='319' class='av-masonry-entry isotope-item post-319 attachment type-attachment status-inherit hentry  av-masonry-item-with-image' title=\"\"  itemprop=\"thumbnailUrl\" ><div class='av-inner-masonry-sizer'><\/div><figure class='av-inner-masonry main_color'><div class=\"av-masonry-outerimage-container\"><div class=\"av-masonry-image-container\" ><img src=\"https:\/\/ottovonmitzlaff.de\/wp-content\/uploads\/otto-von-mitzlaff-erwaehnenswerte-verkaeufe-19-502x705.jpg\" title=\"\" alt=\"\" \/><\/div><\/div><\/figure><\/a><!--end av-masonry entry--><a href=\"https:\/\/ottovonmitzlaff.de\/wp-content\/uploads\/otto-von-mitzlaff-erwaehnenswerte-verkaeufe-20-760x1030.jpg\" id='av-masonry-1-item-318' data-av-masonry-item='318' class='av-masonry-entry isotope-item post-318 attachment type-attachment status-inherit hentry  av-masonry-item-with-image' title=\"\"  itemprop=\"thumbnailUrl\" ><div class='av-inner-masonry-sizer'><\/div><figure class='av-inner-masonry main_color'><div class=\"av-masonry-outerimage-container\"><div class=\"av-masonry-image-container\" ><img src=\"https:\/\/ottovonmitzlaff.de\/wp-content\/uploads\/otto-von-mitzlaff-erwaehnenswerte-verkaeufe-20-520x705.jpg\" title=\"\" alt=\"\" \/><\/div><\/div><\/figure><\/a><!--end av-masonry entry--><a href=\"https:\/\/ottovonmitzlaff.de\/wp-content\/uploads\/otto-von-mitzlaff-erwaehnenswerte-verkaeufe-21.jpg\" id='av-masonry-1-item-317' data-av-masonry-item='317' class='av-masonry-entry isotope-item post-317 attachment type-attachment status-inherit hentry  av-masonry-item-with-image' title=\"\"  itemprop=\"thumbnailUrl\" ><div class='av-inner-masonry-sizer'><\/div><figure class='av-inner-masonry main_color'><div class=\"av-masonry-outerimage-container\"><div class=\"av-masonry-image-container\" ><img src=\"https:\/\/ottovonmitzlaff.de\/wp-content\/uploads\/otto-von-mitzlaff-erwaehnenswerte-verkaeufe-21-705x500.jpg\" title=\"\" alt=\"\" \/><\/div><\/div><\/figure><\/a><!--end av-masonry entry--><a href=\"https:\/\/ottovonmitzlaff.de\/wp-content\/uploads\/otto-von-mitzlaff-erwaehnenswerte-verkaeufe-22-726x1030.jpg\" id='av-masonry-1-item-342' data-av-masonry-item='342' class='av-masonry-entry isotope-item post-342 attachment type-attachment status-inherit hentry  av-masonry-item-with-image' title=\"\"  itemprop=\"thumbnailUrl\" ><div class='av-inner-masonry-sizer'><\/div><figure class='av-inner-masonry main_color'><div class=\"av-masonry-outerimage-container\"><div class=\"av-masonry-image-container\" ><img src=\"https:\/\/ottovonmitzlaff.de\/wp-content\/uploads\/otto-von-mitzlaff-erwaehnenswerte-verkaeufe-22-497x705.jpg\" title=\"\" alt=\"\" \/><\/div><\/div><\/figure><\/a><!--end av-masonry entry--><a href=\"https:\/\/ottovonmitzlaff.de\/wp-content\/uploads\/otto-von-mitzlaff-erwaehnenswerte-verkaeufe-23-707x1030.jpg\" id='av-masonry-1-item-337' data-av-masonry-item='337' class='av-masonry-entry isotope-item post-337 attachment type-attachment status-inherit hentry  av-masonry-item-with-image' title=\"\"  itemprop=\"thumbnailUrl\" ><div class='av-inner-masonry-sizer'><\/div><figure class='av-inner-masonry main_color'><div class=\"av-masonry-outerimage-container\"><div class=\"av-masonry-image-container\" ><img src=\"https:\/\/ottovonmitzlaff.de\/wp-content\/uploads\/otto-von-mitzlaff-erwaehnenswerte-verkaeufe-23-484x705.jpg\" title=\"\" alt=\"\" \/><\/div><\/div><\/figure><\/a><!--end av-masonry entry--><a href=\"https:\/\/ottovonmitzlaff.de\/wp-content\/uploads\/otto-von-mitzlaff-erwaehnenswerte-verkaeufe-24-708x1030.jpg\" id='av-masonry-1-item-336' data-av-masonry-item='336' class='av-masonry-entry isotope-item post-336 attachment type-attachment status-inherit hentry  av-masonry-item-with-image' title=\"\"  itemprop=\"thumbnailUrl\" ><div class='av-inner-masonry-sizer'><\/div><figure class='av-inner-masonry main_color'><div class=\"av-masonry-outerimage-container\"><div class=\"av-masonry-image-container\" ><img src=\"https:\/\/ottovonmitzlaff.de\/wp-content\/uploads\/otto-von-mitzlaff-erwaehnenswerte-verkaeufe-24-485x705.jpg\" title=\"\" alt=\"\" \/><\/div><\/div><\/figure><\/a><!--end av-masonry entry--><a href=\"https:\/\/ottovonmitzlaff.de\/wp-content\/uploads\/otto-von-mitzlaff-erwaehnenswerte-verkaeufe-25-715x1030.jpg\" id='av-masonry-1-item-338' data-av-masonry-item='338' class='av-masonry-entry isotope-item post-338 attachment type-attachment status-inherit hentry  av-masonry-item-with-image' title=\"\"  itemprop=\"thumbnailUrl\" ><div class='av-inner-masonry-sizer'><\/div><figure class='av-inner-masonry main_color'><div class=\"av-masonry-outerimage-container\"><div class=\"av-masonry-image-container\" ><img src=\"https:\/\/ottovonmitzlaff.de\/wp-content\/uploads\/otto-von-mitzlaff-erwaehnenswerte-verkaeufe-25-489x705.jpg\" title=\"\" alt=\"\" \/><\/div><\/div><\/figure><\/a><!--end av-masonry entry--><a href=\"https:\/\/ottovonmitzlaff.de\/wp-content\/uploads\/otto-von-mitzlaff-erwaehnenswerte-verkaeufe-26-744x1030.jpg\" id='av-masonry-1-item-320' data-av-masonry-item='320' class='av-masonry-entry isotope-item post-320 attachment type-attachment status-inherit hentry  av-masonry-item-with-image' title=\"\"  itemprop=\"thumbnailUrl\" ><div class='av-inner-masonry-sizer'><\/div><figure class='av-inner-masonry main_color'><div class=\"av-masonry-outerimage-container\"><div class=\"av-masonry-image-container\" ><img src=\"https:\/\/ottovonmitzlaff.de\/wp-content\/uploads\/otto-von-mitzlaff-erwaehnenswerte-verkaeufe-26-509x705.jpg\" title=\"\" alt=\"\" \/><\/div><\/div><\/figure><\/a><!--end av-masonry entry--><\/div><\/div><br \/>\n<section class=\"av_textblock_section \"  itemscope=\"itemscope\" itemtype=\"https:\/\/schema.org\/CreativeWork\" ><div class='avia_textblock  '   itemprop=\"text\" ><h2>Fr\u00fchere Verk\u00e4ufe, u.a. zahlreiche Roentgen-M\u00f6bel<\/h2>\n<p>Auch die M\u00f6belkunst war immer schon Moden unterworfen. In der 2. H\u00e4lfte des 18. Jh. waren Roentgen-M\u00f6bel aus Neuwied das \u201eNon plus ultra\u201c an allen Europ\u00e4ischen H\u00f6fen. Zarin Katharina die Gro\u00dfe zahlte f\u00fcr ein Roentgen-M\u00f6bel 20 000.- Rubel. Im 19. Jh. waren sie nur noch wenigen Connaisseurs bekannt. Erst das Standartwerk von Hans Huth \u00fcber die Roentgens von 1928 brachte diese gro\u00dfartigen Kunstm\u00f6bel wieder einer breiteren \u00d6ffentlichkeit in Erinnerung. Seit den 1960er Jahren erreichen Roentgen-M\u00f6bel in Deutschland und auch international wieder Spitzenpreise, vergleichbar mit denen aus dem 18. Jh. Ein Schreibm\u00f6bel mit \u00fcppiger Blumenmarketerie aus der Werkstatt in Neuwied, das wir Mitte der 1980er Jahre zum Preis von ca. DM 800 000.- verkauft haben, wird heute mit EUR 300-400 000.- angeboten. Klassiker \u00fcberleben alle Modewellen.<\/p>\n<\/div><\/section><\/p><\/div>\n<\/p>\n","protected":false},"excerpt":{"rendered":"","protected":false},"author":1,"featured_media":0,"parent":0,"menu_order":5,"comment_status":"closed","ping_status":"closed","template":"","meta":[],"yoast_head":"<!-- This site is optimized with the Yoast SEO plugin v19.8 - https:\/\/yoast.com\/wordpress\/plugins\/seo\/ -->\n<title>Notable Sales | Otto von Mitzlaff Furniture<\/title>\n<meta name=\"robots\" content=\"index, follow, max-snippet:-1, max-image-preview:large, max-video-preview:-1\" \/>\n<link rel=\"canonical\" href=\"https:\/\/ottovonmitzlaff.de\/en\/notable-sales\/\" \/>\n<meta property=\"og:locale\" content=\"en_US\" \/>\n<meta property=\"og:type\" content=\"article\" \/>\n<meta property=\"og:title\" content=\"Notable Sales | Otto von Mitzlaff Furniture\" \/>\n<meta property=\"og:url\" content=\"https:\/\/ottovonmitzlaff.de\/en\/notable-sales\/\" \/>\n<meta property=\"og:site_name\" content=\"Otto von Mitzlaff Furniture\" \/>\n<meta property=\"article:modified_time\" content=\"2020-06-15T10:03:59+00:00\" \/>\n<meta name=\"twitter:card\" content=\"summary_large_image\" \/>\n<meta name=\"twitter:label1\" content=\"Est. reading time\" \/>\n\t<meta name=\"twitter:data1\" content=\"3 minutes\" \/>\n<script type=\"application\/ld+json\" class=\"yoast-schema-graph\">{\"@context\":\"https:\/\/schema.org\",\"@graph\":[{\"@type\":\"WebPage\",\"@id\":\"https:\/\/ottovonmitzlaff.de\/en\/notable-sales\/\",\"url\":\"https:\/\/ottovonmitzlaff.de\/en\/notable-sales\/\",\"name\":\"Notable Sales | Otto von Mitzlaff Furniture\",\"isPartOf\":{\"@id\":\"https:\/\/ottovonmitzlaff.de\/en\/#website\"},\"datePublished\":\"2020-06-15T07:46:52+00:00\",\"dateModified\":\"2020-06-15T10:03:59+00:00\",\"breadcrumb\":{\"@id\":\"https:\/\/ottovonmitzlaff.de\/en\/notable-sales\/#breadcrumb\"},\"inLanguage\":\"en-US\",\"potentialAction\":[{\"@type\":\"ReadAction\",\"target\":[\"https:\/\/ottovonmitzlaff.de\/en\/notable-sales\/\"]}]},{\"@type\":\"BreadcrumbList\",\"@id\":\"https:\/\/ottovonmitzlaff.de\/en\/notable-sales\/#breadcrumb\",\"itemListElement\":[{\"@type\":\"ListItem\",\"position\":1,\"name\":\"Startseite\",\"item\":\"https:\/\/ottovonmitzlaff.de\/en\/\"},{\"@type\":\"ListItem\",\"position\":2,\"name\":\"Notable Sales\"}]},{\"@type\":\"WebSite\",\"@id\":\"https:\/\/ottovonmitzlaff.de\/en\/#website\",\"url\":\"https:\/\/ottovonmitzlaff.de\/en\/\",\"name\":\"Otto von Mitzlaff Furniture\",\"description\":\"\",\"potentialAction\":[{\"@type\":\"SearchAction\",\"target\":{\"@type\":\"EntryPoint\",\"urlTemplate\":\"https:\/\/ottovonmitzlaff.de\/en\/?s={search_term_string}\"},\"query-input\":\"required name=search_term_string\"}],\"inLanguage\":\"en-US\"}]}<\/script>\n<!-- \/ Yoast SEO plugin. -->","yoast_head_json":{"title":"Notable Sales | Otto von Mitzlaff Furniture","robots":{"index":"index","follow":"follow","max-snippet":"max-snippet:-1","max-image-preview":"max-image-preview:large","max-video-preview":"max-video-preview:-1"},"canonical":"https:\/\/ottovonmitzlaff.de\/en\/notable-sales\/","og_locale":"en_US","og_type":"article","og_title":"Notable Sales | Otto von Mitzlaff Furniture","og_url":"https:\/\/ottovonmitzlaff.de\/en\/notable-sales\/","og_site_name":"Otto von Mitzlaff Furniture","article_modified_time":"2020-06-15T10:03:59+00:00","twitter_card":"summary_large_image","twitter_misc":{"Est. reading time":"3 minutes"},"schema":{"@context":"https:\/\/schema.org","@graph":[{"@type":"WebPage","@id":"https:\/\/ottovonmitzlaff.de\/en\/notable-sales\/","url":"https:\/\/ottovonmitzlaff.de\/en\/notable-sales\/","name":"Notable Sales | Otto von Mitzlaff Furniture","isPartOf":{"@id":"https:\/\/ottovonmitzlaff.de\/en\/#website"},"datePublished":"2020-06-15T07:46:52+00:00","dateModified":"2020-06-15T10:03:59+00:00","breadcrumb":{"@id":"https:\/\/ottovonmitzlaff.de\/en\/notable-sales\/#breadcrumb"},"inLanguage":"en-US","potentialAction":[{"@type":"ReadAction","target":["https:\/\/ottovonmitzlaff.de\/en\/notable-sales\/"]}]},{"@type":"BreadcrumbList","@id":"https:\/\/ottovonmitzlaff.de\/en\/notable-sales\/#breadcrumb","itemListElement":[{"@type":"ListItem","position":1,"name":"Startseite","item":"https:\/\/ottovonmitzlaff.de\/en\/"},{"@type":"ListItem","position":2,"name":"Notable Sales"}]},{"@type":"WebSite","@id":"https:\/\/ottovonmitzlaff.de\/en\/#website","url":"https:\/\/ottovonmitzlaff.de\/en\/","name":"Otto von Mitzlaff Furniture","description":"","potentialAction":[{"@type":"SearchAction","target":{"@type":"EntryPoint","urlTemplate":"https:\/\/ottovonmitzlaff.de\/en\/?s={search_term_string}"},"query-input":"required name=search_term_string"}],"inLanguage":"en-US"}]}},"_links":{"self":[{"href":"https:\/\/ottovonmitzlaff.de\/en\/wp-json\/wp\/v2\/pages\/377"}],"collection":[{"href":"https:\/\/ottovonmitzlaff.de\/en\/wp-json\/wp\/v2\/pages"}],"about":[{"href":"https:\/\/ottovonmitzlaff.de\/en\/wp-json\/wp\/v2\/types\/page"}],"author":[{"embeddable":true,"href":"https:\/\/ottovonmitzlaff.de\/en\/wp-json\/wp\/v2\/users\/1"}],"replies":[{"embeddable":true,"href":"https:\/\/ottovonmitzlaff.de\/en\/wp-json\/wp\/v2\/comments?post=377"}],"version-history":[{"count":5,"href":"https:\/\/ottovonmitzlaff.de\/en\/wp-json\/wp\/v2\/pages\/377\/revisions"}],"predecessor-version":[{"id":382,"href":"https:\/\/ottovonmitzlaff.de\/en\/wp-json\/wp\/v2\/pages\/377\/revisions\/382"}],"wp:attachment":[{"href":"https:\/\/ottovonmitzlaff.de\/en\/wp-json\/wp\/v2\/media?parent=377"}],"curies":[{"name":"wp","href":"https:\/\/api.w.org\/{rel}","templated":true}]}}